{"id":49266,"date":"2020-01-09T10:25:53","date_gmt":"2020-01-09T16:25:53","guid":{"rendered":"https:\/\/live-pretiumpkg.pantheonsite.io\/product\/bouteilles-rondes-de-type-boston-pharma-en-pehd-2\/"},"modified":"2024-12-24T15:24:41","modified_gmt":"2024-12-24T21:24:41","slug":"bouteilles-de-type-packer-de-la-gamme-pharma-rondes-en-pehd","status":"publish","type":"product","link":"https:\/\/www.pretiumpkg.com\/fr\/produit\/bouteilles-de-type-packer-de-la-gamme-pharma-rondes-en-pehd\/","title":{"rendered":"Bouteilles de type \u00ab\u00a0packer\u00a0\u00bb de la gamme Pharma rondes en PEHD"},"content":{"rendered":"","protected":false},"excerpt":{"rendered":"<p>La gamme Pharma de bouteilles de type \u00ab\u00a0packer\u00a0\u00bb en PEHD est une gamme de produits \u00e0 prix comp\u00e9titifs con\u00e7ue pour r\u00e9pondre aux besoins des clients du secteur pharmaceutique et des suppl\u00e9ments nutritionnels qui ont besoin de bouteilles de qualit\u00e9 pharmaceutique avec les sp\u00e9cifications les plus communes de l\u2019industrie. Cette ligne est fabriqu\u00e9e \u00e0 Bethl\u00e9em, en Pennsylvanie, et stock\u00e9e dans plusieurs endroits.<\/p>\n","protected":false},"featured_media":34395,"template":"","meta":{"_acf_changed":false},"product_brand":[],"product_cat":[2007],"product_tag":[],"class_list":{"0":"post-49266","1":"product","2":"type-product","3":"status-publish","4":"has-post-thumbnail","6":"product_cat-bouteilles-de-type-packer-en-plastique-a-large-ouverture","8":"first","9":"instock","10":"shipping-taxable","11":"purchasable","12":"product-type-variable"},"acf":[],"aioseo_notices":[],"_links":{"self":[{"href":"https:\/\/www.pretiumpkg.com\/fr\/wp-json\/wp\/v2\/product\/49266","targetHints":{"allow":["GET"]}}],"collection":[{"href":"https:\/\/www.pretiumpkg.com\/fr\/wp-json\/wp\/v2\/product"}],"about":[{"href":"https:\/\/www.pretiumpkg.com\/fr\/wp-json\/wp\/v2\/types\/product"}],"wp:featuredmedia":[{"embeddable":true,"href":"https:\/\/www.pretiumpkg.com\/fr\/wp-json\/wp\/v2\/media\/34395"}],"wp:attachment":[{"href":"https:\/\/www.pretiumpkg.com\/fr\/wp-json\/wp\/v2\/media?parent=49266"}],"wp:term":[{"taxonomy":"product_brand","embeddable":true,"href":"https:\/\/www.pretiumpkg.com\/fr\/wp-json\/wp\/v2\/product_brand?post=49266"},{"taxonomy":"product_cat","embeddable":true,"href":"https:\/\/www.pretiumpkg.com\/fr\/wp-json\/wp\/v2\/product_cat?post=49266"},{"taxonomy":"product_tag","embeddable":true,"href":"https:\/\/www.pretiumpkg.com\/fr\/wp-json\/wp\/v2\/product_tag?post=49266"}],"curies":[{"name":"wp","href":"https:\/\/api.w.org\/{rel}","templated":true}]}}