{"id":47520,"date":"2020-01-09T10:26:02","date_gmt":"2020-01-09T16:26:02","guid":{"rendered":"https:\/\/live-pretiumpkg.pantheonsite.io\/product\/bouteilles-rondes-de-type-boston-de-forme-basse-en-pet\/"},"modified":"2020-01-09T10:26:02","modified_gmt":"2020-01-09T16:26:02","slug":"bouteilles-rondes-de-type-boston-de-forme-basse-en-pet","status":"publish","type":"product","link":"https:\/\/www.pretiumpkg.com\/fr\/produit\/bouteilles-rondes-de-type-boston-de-forme-basse-en-pet\/","title":{"rendered":"Bouteilles rondes de type Boston de forme basse en PET"},"content":{"rendered":"","protected":false},"excerpt":{"rendered":"<p>La gamme de bouteilles rondes de type Boston de forme basse de Pretium pr\u00e9sente un profil plus large et plus court que notre gamme traditionnelle de bouteilles rondes de type Boston. La gamme de formes basse est id\u00e9ale pour les liquides et les lotions, avec plusieurs finitions de col pour accueillir les pompes et les pulv\u00e9risateurs. La base large offre \u00e9galement une stabilit\u00e9 accrue aux m\u00e9thodes de distribution qui n\u00e9cessitent une pression vers le bas.<\/p>\n","protected":false},"featured_media":34499,"template":"","meta":{"_acf_changed":false},"product_brand":[],"product_cat":[1651],"product_tag":[],"class_list":{"0":"post-47520","1":"product","2":"type-product","3":"status-publish","4":"has-post-thumbnail","6":"product_cat-bouteilles-rondes-a-col-etroit-en-plastique","8":"first","9":"instock","10":"shipping-taxable","11":"purchasable","12":"product-type-variable"},"acf":[],"aioseo_notices":[],"_links":{"self":[{"href":"https:\/\/www.pretiumpkg.com\/fr\/wp-json\/wp\/v2\/product\/47520","targetHints":{"allow":["GET"]}}],"collection":[{"href":"https:\/\/www.pretiumpkg.com\/fr\/wp-json\/wp\/v2\/product"}],"about":[{"href":"https:\/\/www.pretiumpkg.com\/fr\/wp-json\/wp\/v2\/types\/product"}],"wp:featuredmedia":[{"embeddable":true,"href":"https:\/\/www.pretiumpkg.com\/fr\/wp-json\/wp\/v2\/media\/34499"}],"wp:attachment":[{"href":"https:\/\/www.pretiumpkg.com\/fr\/wp-json\/wp\/v2\/media?parent=47520"}],"wp:term":[{"taxonomy":"product_brand","embeddable":true,"href":"https:\/\/www.pretiumpkg.com\/fr\/wp-json\/wp\/v2\/product_brand?post=47520"},{"taxonomy":"product_cat","embeddable":true,"href":"https:\/\/www.pretiumpkg.com\/fr\/wp-json\/wp\/v2\/product_cat?post=47520"},{"taxonomy":"product_tag","embeddable":true,"href":"https:\/\/www.pretiumpkg.com\/fr\/wp-json\/wp\/v2\/product_tag?post=47520"}],"curies":[{"name":"wp","href":"https:\/\/api.w.org\/{rel}","templated":true}]}}