{"id":42356,"date":"2022-04-15T13:20:29","date_gmt":"2022-04-15T18:20:29","guid":{"rendered":"https:\/\/live-pretiumpkg.pantheonsite.io\/product\/pots-de-beurre-de-noix-en-pet\/"},"modified":"2022-04-15T13:20:29","modified_gmt":"2022-04-15T18:20:29","slug":"pots-de-beurre-de-noix-en-pet","status":"publish","type":"product","link":"https:\/\/www.pretiumpkg.com\/fr\/produit\/pots-de-beurre-de-noix-en-pet\/","title":{"rendered":"Pots de beurre de noix en PET"},"content":{"rendered":"","protected":false},"excerpt":{"rendered":"<p>Pretium propose une grande vari\u00e9t\u00e9 de pots de beurre de noix en PET avec des options pour des bases unies ou des bases torsad\u00e9es. Les tailles indiqu\u00e9es pour les pots de cette cat\u00e9gorie correspondent au poids net de la plupart des beurres de noix et peuvent \u00eatre l\u00e9g\u00e8rement sup\u00e9rieures au volume net liquide que nous utilisons pour la plupart de nos autres bouteilles et pots.<\/p>\n","protected":false},"featured_media":35956,"template":"","meta":{"_acf_changed":false},"product_brand":[],"product_cat":[1628],"product_tag":[],"class_list":{"0":"post-42356","1":"product","2":"type-product","3":"status-publish","4":"has-post-thumbnail","6":"product_cat-pots-en-plastique-a-large-ouverture","8":"first","9":"instock","10":"shipping-taxable","11":"purchasable","12":"product-type-variable"},"acf":[],"aioseo_notices":[],"_links":{"self":[{"href":"https:\/\/www.pretiumpkg.com\/fr\/wp-json\/wp\/v2\/product\/42356","targetHints":{"allow":["GET"]}}],"collection":[{"href":"https:\/\/www.pretiumpkg.com\/fr\/wp-json\/wp\/v2\/product"}],"about":[{"href":"https:\/\/www.pretiumpkg.com\/fr\/wp-json\/wp\/v2\/types\/product"}],"wp:featuredmedia":[{"embeddable":true,"href":"https:\/\/www.pretiumpkg.com\/fr\/wp-json\/wp\/v2\/media\/35956"}],"wp:attachment":[{"href":"https:\/\/www.pretiumpkg.com\/fr\/wp-json\/wp\/v2\/media?parent=42356"}],"wp:term":[{"taxonomy":"product_brand","embeddable":true,"href":"https:\/\/www.pretiumpkg.com\/fr\/wp-json\/wp\/v2\/product_brand?post=42356"},{"taxonomy":"product_cat","embeddable":true,"href":"https:\/\/www.pretiumpkg.com\/fr\/wp-json\/wp\/v2\/product_cat?post=42356"},{"taxonomy":"product_tag","embeddable":true,"href":"https:\/\/www.pretiumpkg.com\/fr\/wp-json\/wp\/v2\/product_tag?post=42356"}],"curies":[{"name":"wp","href":"https:\/\/api.w.org\/{rel}","templated":true}]}}