{"id":42340,"date":"2022-04-15T13:20:21","date_gmt":"2022-04-15T18:20:21","guid":{"rendered":"https:\/\/live-pretiumpkg.pantheonsite.io\/product\/bouteilles-pet-remplies-a-chaud\/"},"modified":"2022-04-15T13:20:21","modified_gmt":"2022-04-15T18:20:21","slug":"bouteilles-pet-remplies-a-chaud","status":"publish","type":"product","link":"https:\/\/www.pretiumpkg.com\/fr\/produit\/bouteilles-pet-remplies-a-chaud\/","title":{"rendered":"Bouteilles PET remplies \u00e0 chaud"},"content":{"rendered":"","protected":false},"excerpt":{"rendered":"<p>Les bouteilles PET Pretium \u00e0 remplissage \u00e0 chaud sont id\u00e9ales pour les sauces et les boissons qui n\u00e9cessitent des temp\u00e9ratures de remplissage entre 145 et 185&nbsp;degr\u00e9s F. D\u2019autres tailles sont en cours de d\u00e9veloppement, alors faites savoir \u00e0 votre directeur de compte si vous avez besoin d\u2019une taille qui n\u2019est pas r\u00e9pertori\u00e9e ici.<\/p>\n","protected":false},"featured_media":35437,"template":"","meta":{"_acf_changed":false},"product_brand":[],"product_cat":[1635],"product_tag":[],"class_list":{"0":"post-42340","1":"product","2":"type-product","3":"status-publish","4":"has-post-thumbnail","6":"product_cat-bouteilles-pour-condiments-vinaigrettes-et-sauces","8":"first","9":"instock","10":"shipping-taxable","11":"purchasable","12":"product-type-variable"},"acf":[],"aioseo_notices":[],"_links":{"self":[{"href":"https:\/\/www.pretiumpkg.com\/fr\/wp-json\/wp\/v2\/product\/42340","targetHints":{"allow":["GET"]}}],"collection":[{"href":"https:\/\/www.pretiumpkg.com\/fr\/wp-json\/wp\/v2\/product"}],"about":[{"href":"https:\/\/www.pretiumpkg.com\/fr\/wp-json\/wp\/v2\/types\/product"}],"wp:featuredmedia":[{"embeddable":true,"href":"https:\/\/www.pretiumpkg.com\/fr\/wp-json\/wp\/v2\/media\/35437"}],"wp:attachment":[{"href":"https:\/\/www.pretiumpkg.com\/fr\/wp-json\/wp\/v2\/media?parent=42340"}],"wp:term":[{"taxonomy":"product_brand","embeddable":true,"href":"https:\/\/www.pretiumpkg.com\/fr\/wp-json\/wp\/v2\/product_brand?post=42340"},{"taxonomy":"product_cat","embeddable":true,"href":"https:\/\/www.pretiumpkg.com\/fr\/wp-json\/wp\/v2\/product_cat?post=42340"},{"taxonomy":"product_tag","embeddable":true,"href":"https:\/\/www.pretiumpkg.com\/fr\/wp-json\/wp\/v2\/product_tag?post=42340"}],"curies":[{"name":"wp","href":"https:\/\/api.w.org\/{rel}","templated":true}]}}