{"id":42329,"date":"2022-04-15T13:20:21","date_gmt":"2022-04-15T18:20:21","guid":{"rendered":"https:\/\/live-pretiumpkg.pantheonsite.io\/product\/pots-canneles-en-pet\/"},"modified":"2022-04-15T13:20:21","modified_gmt":"2022-04-15T18:20:21","slug":"pots-canneles-en-pet","status":"publish","type":"product","link":"https:\/\/www.pretiumpkg.com\/fr\/produit\/pots-canneles-en-pet\/","title":{"rendered":"Pots cannel\u00e9s en PET"},"content":{"rendered":"","protected":false},"excerpt":{"rendered":"<p>Les pots cannel\u00e9s en PET sont principalement utilis\u00e9s pour les produits alimentaires et les grignotines.<\/p>\n","protected":false},"featured_media":48895,"template":"","meta":{"_acf_changed":false},"product_brand":[],"product_cat":[1628],"product_tag":[],"class_list":{"0":"post-42329","1":"product","2":"type-product","3":"status-publish","4":"has-post-thumbnail","6":"product_cat-pots-en-plastique-a-large-ouverture","8":"first","9":"outofstock","10":"shipping-taxable","11":"purchasable","12":"product-type-variable"},"acf":[],"aioseo_notices":[],"_links":{"self":[{"href":"https:\/\/www.pretiumpkg.com\/fr\/wp-json\/wp\/v2\/product\/42329","targetHints":{"allow":["GET"]}}],"collection":[{"href":"https:\/\/www.pretiumpkg.com\/fr\/wp-json\/wp\/v2\/product"}],"about":[{"href":"https:\/\/www.pretiumpkg.com\/fr\/wp-json\/wp\/v2\/types\/product"}],"wp:featuredmedia":[{"embeddable":true,"href":"https:\/\/www.pretiumpkg.com\/fr\/wp-json\/wp\/v2\/media\/48895"}],"wp:attachment":[{"href":"https:\/\/www.pretiumpkg.com\/fr\/wp-json\/wp\/v2\/media?parent=42329"}],"wp:term":[{"taxonomy":"product_brand","embeddable":true,"href":"https:\/\/www.pretiumpkg.com\/fr\/wp-json\/wp\/v2\/product_brand?post=42329"},{"taxonomy":"product_cat","embeddable":true,"href":"https:\/\/www.pretiumpkg.com\/fr\/wp-json\/wp\/v2\/product_cat?post=42329"},{"taxonomy":"product_tag","embeddable":true,"href":"https:\/\/www.pretiumpkg.com\/fr\/wp-json\/wp\/v2\/product_tag?post=42329"}],"curies":[{"name":"wp","href":"https:\/\/api.w.org\/{rel}","templated":true}]}}