{"id":42067,"date":"2022-04-15T13:20:12","date_gmt":"2022-04-15T18:20:12","guid":{"rendered":"https:\/\/live-pretiumpkg.pantheonsite.io\/product\/bouteilles-oblongues-de-style-f-a-poignee-inclinee-en-pehd\/"},"modified":"2024-12-06T23:32:55","modified_gmt":"2024-12-07T05:32:55","slug":"bouteilles-oblongues-de-type-f-a-poignee-inclinee-en-pehd","status":"publish","type":"product","link":"https:\/\/www.pretiumpkg.com\/fr\/produit\/bouteilles-oblongues-de-type-f-a-poignee-inclinee-en-pehd\/","title":{"rendered":"Bouteilles oblongues de type F \u00e0 poign\u00e9e inclin\u00e9e en PEHD"},"content":{"rendered":"","protected":false},"excerpt":{"rendered":"","protected":false},"featured_media":35402,"template":"","meta":{"_acf_changed":false},"product_brand":[],"product_cat":[1871],"product_tag":[],"class_list":{"0":"post-42067","1":"product","2":"type-product","3":"status-publish","4":"has-post-thumbnail","6":"product_cat-articles-a-poignee","8":"first","9":"instock","10":"shipping-taxable","11":"purchasable","12":"product-type-variable"},"acf":[],"aioseo_notices":[],"_links":{"self":[{"href":"https:\/\/www.pretiumpkg.com\/fr\/wp-json\/wp\/v2\/product\/42067","targetHints":{"allow":["GET"]}}],"collection":[{"href":"https:\/\/www.pretiumpkg.com\/fr\/wp-json\/wp\/v2\/product"}],"about":[{"href":"https:\/\/www.pretiumpkg.com\/fr\/wp-json\/wp\/v2\/types\/product"}],"wp:featuredmedia":[{"embeddable":true,"href":"https:\/\/www.pretiumpkg.com\/fr\/wp-json\/wp\/v2\/media\/35402"}],"wp:attachment":[{"href":"https:\/\/www.pretiumpkg.com\/fr\/wp-json\/wp\/v2\/media?parent=42067"}],"wp:term":[{"taxonomy":"product_brand","embeddable":true,"href":"https:\/\/www.pretiumpkg.com\/fr\/wp-json\/wp\/v2\/product_brand?post=42067"},{"taxonomy":"product_cat","embeddable":true,"href":"https:\/\/www.pretiumpkg.com\/fr\/wp-json\/wp\/v2\/product_cat?post=42067"},{"taxonomy":"product_tag","embeddable":true,"href":"https:\/\/www.pretiumpkg.com\/fr\/wp-json\/wp\/v2\/product_tag?post=42067"}],"curies":[{"name":"wp","href":"https:\/\/api.w.org\/{rel}","templated":true}]}}