{"id":42007,"date":"2022-04-15T13:20:02","date_gmt":"2022-04-15T18:20:02","guid":{"rendered":"https:\/\/live-pretiumpkg.pantheonsite.io\/product\/bidons-en-pehd-avec-rebord\/"},"modified":"2024-12-24T15:18:46","modified_gmt":"2024-12-24T21:18:46","slug":"bidons-avec-rebord-en-pehd","status":"publish","type":"product","link":"https:\/\/www.pretiumpkg.com\/fr\/produit\/bidons-avec-rebord-en-pehd\/","title":{"rendered":"Bidons avec rebord en PEHD"},"content":{"rendered":"","protected":false},"excerpt":{"rendered":"<p>Fabriqu\u00e9e dans plusieurs endroits en Am\u00e9rique du Nord, la gamme de bidons en PEHD \u00e0 parois droites \u00ab&nbsp;CBM&nbsp;\u00bb de Pretium offre une large gamme de tailles. Les bidons de cette famille ont une \u00ab&nbsp;l\u00e8vre&nbsp;\u00bb (rebord) en haut sous les filetages du col.<\/p>\n","protected":false},"featured_media":35757,"template":"","meta":{"_acf_changed":false},"product_brand":[],"product_cat":[1692],"product_tag":[],"class_list":{"0":"post-42007","1":"product","2":"type-product","3":"status-publish","4":"has-post-thumbnail","6":"product_cat-bidons-en-plastique-a-large-ouverture","8":"first","9":"instock","10":"shipping-taxable","11":"purchasable","12":"product-type-variable"},"acf":[],"aioseo_notices":[],"_links":{"self":[{"href":"https:\/\/www.pretiumpkg.com\/fr\/wp-json\/wp\/v2\/product\/42007","targetHints":{"allow":["GET"]}}],"collection":[{"href":"https:\/\/www.pretiumpkg.com\/fr\/wp-json\/wp\/v2\/product"}],"about":[{"href":"https:\/\/www.pretiumpkg.com\/fr\/wp-json\/wp\/v2\/types\/product"}],"wp:featuredmedia":[{"embeddable":true,"href":"https:\/\/www.pretiumpkg.com\/fr\/wp-json\/wp\/v2\/media\/35757"}],"wp:attachment":[{"href":"https:\/\/www.pretiumpkg.com\/fr\/wp-json\/wp\/v2\/media?parent=42007"}],"wp:term":[{"taxonomy":"product_brand","embeddable":true,"href":"https:\/\/www.pretiumpkg.com\/fr\/wp-json\/wp\/v2\/product_brand?post=42007"},{"taxonomy":"product_cat","embeddable":true,"href":"https:\/\/www.pretiumpkg.com\/fr\/wp-json\/wp\/v2\/product_cat?post=42007"},{"taxonomy":"product_tag","embeddable":true,"href":"https:\/\/www.pretiumpkg.com\/fr\/wp-json\/wp\/v2\/product_tag?post=42007"}],"curies":[{"name":"wp","href":"https:\/\/api.w.org\/{rel}","templated":true}]}}