{"id":41991,"date":"2022-04-15T13:20:02","date_gmt":"2022-04-15T18:20:02","guid":{"rendered":"https:\/\/live-pretiumpkg.pantheonsite.io\/product\/bidons-en-pehd-lisses-avec-base-detiquette\/"},"modified":"2024-12-24T15:15:29","modified_gmt":"2024-12-24T21:15:29","slug":"bidons-lisses-avec-base-detiquette-en-pehd","status":"publish","type":"product","link":"https:\/\/www.pretiumpkg.com\/fr\/produit\/bidons-lisses-avec-base-detiquette-en-pehd\/","title":{"rendered":"Bidons lisses avec base d\u2019\u00e9tiquette en PEHD"},"content":{"rendered":"","protected":false},"excerpt":{"rendered":"<p>Cette gamme est similaire \u00e0 notre gamme standard de bidons \u00e0 parois lisses, mais comporte une base d\u2019\u00e9tiquette pr\u00e8s du bas.<\/p>\n","protected":false},"featured_media":34761,"template":"","meta":{"_acf_changed":false},"product_brand":[],"product_cat":[1692],"product_tag":[],"class_list":{"0":"post-41991","1":"product","2":"type-product","3":"status-publish","4":"has-post-thumbnail","6":"product_cat-bidons-en-plastique-a-large-ouverture","8":"first","9":"instock","10":"shipping-taxable","11":"purchasable","12":"product-type-variable"},"acf":[],"aioseo_notices":[],"_links":{"self":[{"href":"https:\/\/www.pretiumpkg.com\/fr\/wp-json\/wp\/v2\/product\/41991","targetHints":{"allow":["GET"]}}],"collection":[{"href":"https:\/\/www.pretiumpkg.com\/fr\/wp-json\/wp\/v2\/product"}],"about":[{"href":"https:\/\/www.pretiumpkg.com\/fr\/wp-json\/wp\/v2\/types\/product"}],"wp:featuredmedia":[{"embeddable":true,"href":"https:\/\/www.pretiumpkg.com\/fr\/wp-json\/wp\/v2\/media\/34761"}],"wp:attachment":[{"href":"https:\/\/www.pretiumpkg.com\/fr\/wp-json\/wp\/v2\/media?parent=41991"}],"wp:term":[{"taxonomy":"product_brand","embeddable":true,"href":"https:\/\/www.pretiumpkg.com\/fr\/wp-json\/wp\/v2\/product_brand?post=41991"},{"taxonomy":"product_cat","embeddable":true,"href":"https:\/\/www.pretiumpkg.com\/fr\/wp-json\/wp\/v2\/product_cat?post=41991"},{"taxonomy":"product_tag","embeddable":true,"href":"https:\/\/www.pretiumpkg.com\/fr\/wp-json\/wp\/v2\/product_tag?post=41991"}],"curies":[{"name":"wp","href":"https:\/\/api.w.org\/{rel}","templated":true}]}}