{"id":41952,"date":"2022-04-15T13:20:03","date_gmt":"2022-04-15T18:20:03","guid":{"rendered":"https:\/\/live-pretiumpkg.pantheonsite.io\/product\/pulverisateurs-a-gachette-avec-poignee-en-pehd\/"},"modified":"2022-04-15T13:20:03","modified_gmt":"2022-04-15T18:20:03","slug":"pulverisateurs-a-gachette-avec-poignee-en-pehd","status":"publish","type":"product","link":"https:\/\/www.pretiumpkg.com\/fr\/produit\/pulverisateurs-a-gachette-avec-poignee-en-pehd\/","title":{"rendered":"Pulv\u00e9risateurs \u00e0 g\u00e2chette avec poign\u00e9e en PEHD"},"content":{"rendered":"","protected":false},"excerpt":{"rendered":"<p>Une zone de prise en main pratique rend ce flacon pulv\u00e9risateur en PEHD facile \u00e0 utiliser.<\/p>\n","protected":false},"featured_media":48898,"template":"","meta":{"_acf_changed":false},"product_brand":[],"product_cat":[1661],"product_tag":[],"class_list":{"0":"post-41952","1":"product","2":"type-product","3":"status-publish","4":"has-post-thumbnail","6":"product_cat-flacons-pulverisateurs","8":"first","9":"outofstock","10":"shipping-taxable","11":"purchasable","12":"product-type-variable"},"acf":[],"aioseo_notices":[],"_links":{"self":[{"href":"https:\/\/www.pretiumpkg.com\/fr\/wp-json\/wp\/v2\/product\/41952","targetHints":{"allow":["GET"]}}],"collection":[{"href":"https:\/\/www.pretiumpkg.com\/fr\/wp-json\/wp\/v2\/product"}],"about":[{"href":"https:\/\/www.pretiumpkg.com\/fr\/wp-json\/wp\/v2\/types\/product"}],"wp:featuredmedia":[{"embeddable":true,"href":"https:\/\/www.pretiumpkg.com\/fr\/wp-json\/wp\/v2\/media\/48898"}],"wp:attachment":[{"href":"https:\/\/www.pretiumpkg.com\/fr\/wp-json\/wp\/v2\/media?parent=41952"}],"wp:term":[{"taxonomy":"product_brand","embeddable":true,"href":"https:\/\/www.pretiumpkg.com\/fr\/wp-json\/wp\/v2\/product_brand?post=41952"},{"taxonomy":"product_cat","embeddable":true,"href":"https:\/\/www.pretiumpkg.com\/fr\/wp-json\/wp\/v2\/product_cat?post=41952"},{"taxonomy":"product_tag","embeddable":true,"href":"https:\/\/www.pretiumpkg.com\/fr\/wp-json\/wp\/v2\/product_tag?post=41952"}],"curies":[{"name":"wp","href":"https:\/\/api.w.org\/{rel}","templated":true}]}}