{"id":41878,"date":"2020-01-09T10:26:24","date_gmt":"2020-01-09T16:26:24","guid":{"rendered":"https:\/\/live-pretiumpkg.pantheonsite.io\/product\/trousse-dechantillons-pcr-en-pehd-recycle-post-consommation\/"},"modified":"2020-01-09T10:26:24","modified_gmt":"2020-01-09T16:26:24","slug":"trousse-dechantillons-pcr-en-pehd-recycle-post-consommation","status":"publish","type":"product","link":"https:\/\/www.pretiumpkg.com\/fr\/produit\/trousse-dechantillons-pcr-en-pehd-recycle-post-consommation\/","title":{"rendered":"Trousse d\u2019\u00e9chantillons PCR en PEHD recycl\u00e9 (post-consommation)"},"content":{"rendered":"","protected":false},"excerpt":{"rendered":"<p>Pretium Packaging fabrique des bouteilles \u00e0 partir de r\u00e9sine HDPE 100&nbsp;% post-consommation (appel\u00e9e HDPE PCR) approuv\u00e9e par la FDA pour le contact alimentaire. Nous disposons d\u2019un nombre limit\u00e9 d\u2019\u00e9chantillons PCR PEHD dans notre salle d\u2019\u00e9chantillons, mais nous pouvons produire la PCR PEHD dans la plupart de nos moules PEHD. Le PCR prend bien la couleur, bien qu\u2019il existe de l\u00e9g\u00e8res imperfections visuelles (points noirs, variations de couleur, etc.) inh\u00e9rentes \u00e0 toute mati\u00e8re premi\u00e8re recycl\u00e9e. Les trousses d\u2019\u00e9chantillons de conditionnement Pretium sont limit\u00e9es \u00e0 UNE par adresse.<\/p>\n","protected":false},"featured_media":34294,"template":"","meta":{"_acf_changed":false},"product_brand":[],"product_cat":[1855,1856],"product_tag":[],"class_list":{"0":"post-41878","1":"product","2":"type-product","3":"status-publish","4":"has-post-thumbnail","6":"product_cat-ensembles-dechantillons","7":"product_cat-solutions-durables","9":"first","10":"instock","11":"shipping-taxable","12":"purchasable","13":"product-type-variable"},"acf":[],"aioseo_notices":[],"_links":{"self":[{"href":"https:\/\/www.pretiumpkg.com\/fr\/wp-json\/wp\/v2\/product\/41878","targetHints":{"allow":["GET"]}}],"collection":[{"href":"https:\/\/www.pretiumpkg.com\/fr\/wp-json\/wp\/v2\/product"}],"about":[{"href":"https:\/\/www.pretiumpkg.com\/fr\/wp-json\/wp\/v2\/types\/product"}],"wp:featuredmedia":[{"embeddable":true,"href":"https:\/\/www.pretiumpkg.com\/fr\/wp-json\/wp\/v2\/media\/34294"}],"wp:attachment":[{"href":"https:\/\/www.pretiumpkg.com\/fr\/wp-json\/wp\/v2\/media?parent=41878"}],"wp:term":[{"taxonomy":"product_brand","embeddable":true,"href":"https:\/\/www.pretiumpkg.com\/fr\/wp-json\/wp\/v2\/product_brand?post=41878"},{"taxonomy":"product_cat","embeddable":true,"href":"https:\/\/www.pretiumpkg.com\/fr\/wp-json\/wp\/v2\/product_cat?post=41878"},{"taxonomy":"product_tag","embeddable":true,"href":"https:\/\/www.pretiumpkg.com\/fr\/wp-json\/wp\/v2\/product_tag?post=41878"}],"curies":[{"name":"wp","href":"https:\/\/api.w.org\/{rel}","templated":true}]}}