{"id":41850,"date":"2020-01-09T10:26:25","date_gmt":"2020-01-09T16:26:25","guid":{"rendered":"https:\/\/live-pretiumpkg.pantheonsite.io\/product\/trousse-dechantillons-pcr-ocean-bound\/"},"modified":"2024-12-24T15:01:21","modified_gmt":"2024-12-24T21:01:21","slug":"trousse-dechantillons-pcr-de-type-ocean-bound","status":"publish","type":"product","link":"https:\/\/www.pretiumpkg.com\/fr\/produit\/trousse-dechantillons-pcr-de-type-ocean-bound\/","title":{"rendered":"Trousse d\u2019\u00e9chantillons PCR de type Ocean-Bound"},"content":{"rendered":"","protected":false},"excerpt":{"rendered":"<p>Pretium Packaging est fier de s\u2019associer \u00e0 Bantam Materials et \u00e0 sa gamme OceanCycle de r\u00e9sines post-consommation certifi\u00e9es Ocean-Bound. Les r\u00e9sines PET et PEHD recycl\u00e9es fournies par Bantam b\u00e9n\u00e9ficient toutes deux de lettres de non-objection de la FDA, ce qui signifie que ces sources PCR sont approuv\u00e9es pour le contact alimentaire. Les trousses d\u2019\u00e9chantillons de conditionnement Pretium sont limit\u00e9es \u00e0 UNE par adresse.<\/p>\n","protected":false},"featured_media":34289,"template":"","meta":{"_acf_changed":false},"product_brand":[],"product_cat":[1855,1856],"product_tag":[],"class_list":{"0":"post-41850","1":"product","2":"type-product","3":"status-publish","4":"has-post-thumbnail","6":"product_cat-ensembles-dechantillons","7":"product_cat-solutions-durables","9":"first","10":"instock","11":"shipping-taxable","12":"purchasable","13":"product-type-variable"},"acf":[],"aioseo_notices":[],"_links":{"self":[{"href":"https:\/\/www.pretiumpkg.com\/fr\/wp-json\/wp\/v2\/product\/41850","targetHints":{"allow":["GET"]}}],"collection":[{"href":"https:\/\/www.pretiumpkg.com\/fr\/wp-json\/wp\/v2\/product"}],"about":[{"href":"https:\/\/www.pretiumpkg.com\/fr\/wp-json\/wp\/v2\/types\/product"}],"wp:featuredmedia":[{"embeddable":true,"href":"https:\/\/www.pretiumpkg.com\/fr\/wp-json\/wp\/v2\/media\/34289"}],"wp:attachment":[{"href":"https:\/\/www.pretiumpkg.com\/fr\/wp-json\/wp\/v2\/media?parent=41850"}],"wp:term":[{"taxonomy":"product_brand","embeddable":true,"href":"https:\/\/www.pretiumpkg.com\/fr\/wp-json\/wp\/v2\/product_brand?post=41850"},{"taxonomy":"product_cat","embeddable":true,"href":"https:\/\/www.pretiumpkg.com\/fr\/wp-json\/wp\/v2\/product_cat?post=41850"},{"taxonomy":"product_tag","embeddable":true,"href":"https:\/\/www.pretiumpkg.com\/fr\/wp-json\/wp\/v2\/product_tag?post=41850"}],"curies":[{"name":"wp","href":"https:\/\/api.w.org\/{rel}","templated":true}]}}