{"id":41819,"date":"2023-01-31T11:19:28","date_gmt":"2023-01-31T17:19:28","guid":{"rendered":"https:\/\/live-pretiumpkg.pantheonsite.io\/product\/pack-dechantillons-pcr-pet-transparent-4-bouteilles\/"},"modified":"2024-12-24T15:40:19","modified_gmt":"2024-12-24T21:40:19","slug":"trousse-dechantillons-pcr-en-pet-transparent-4-bouteilles","status":"publish","type":"product","link":"https:\/\/www.pretiumpkg.com\/fr\/produit\/trousse-dechantillons-pcr-en-pet-transparent-4-bouteilles\/","title":{"rendered":"Trousse d\u2019\u00e9chantillons PCR en PET transparent (4 bouteilles)"},"content":{"rendered":"","protected":false},"excerpt":{"rendered":"<p>Cette trousse d\u2019\u00e9chantillons comprend quatre (4) bouteilles rondes de type Boston de forme basse en PET de 12&nbsp;oz de Pretium contenant diff\u00e9rents niveaux de r\u00e9sine post-consommation afin que les clients puissent voir l\u2019impact esth\u00e9tique de diff\u00e9rents pourcentages de PCR dans un r\u00e9cipient transparent. Vous recevrez une bouteille avec 30&nbsp;% de PCR, une avec 50&nbsp;% de PCR, une avec 100&nbsp;% de PCR et une bouteille en r\u00e9sine PET vierge. Les trousses d\u2019\u00e9chantillons sont limit\u00e9es \u00e0 une par adresse.<\/p>\n","protected":false},"featured_media":33131,"template":"","meta":{"_acf_changed":false},"product_brand":[],"product_cat":[1855,1856],"product_tag":[],"class_list":{"0":"post-41819","1":"product","2":"type-product","3":"status-publish","4":"has-post-thumbnail","6":"product_cat-ensembles-dechantillons","7":"product_cat-solutions-durables","9":"first","10":"instock","11":"shipping-taxable","12":"purchasable","13":"product-type-variable"},"acf":[],"aioseo_notices":[],"_links":{"self":[{"href":"https:\/\/www.pretiumpkg.com\/fr\/wp-json\/wp\/v2\/product\/41819","targetHints":{"allow":["GET"]}}],"collection":[{"href":"https:\/\/www.pretiumpkg.com\/fr\/wp-json\/wp\/v2\/product"}],"about":[{"href":"https:\/\/www.pretiumpkg.com\/fr\/wp-json\/wp\/v2\/types\/product"}],"wp:featuredmedia":[{"embeddable":true,"href":"https:\/\/www.pretiumpkg.com\/fr\/wp-json\/wp\/v2\/media\/33131"}],"wp:attachment":[{"href":"https:\/\/www.pretiumpkg.com\/fr\/wp-json\/wp\/v2\/media?parent=41819"}],"wp:term":[{"taxonomy":"product_brand","embeddable":true,"href":"https:\/\/www.pretiumpkg.com\/fr\/wp-json\/wp\/v2\/product_brand?post=41819"},{"taxonomy":"product_cat","embeddable":true,"href":"https:\/\/www.pretiumpkg.com\/fr\/wp-json\/wp\/v2\/product_cat?post=41819"},{"taxonomy":"product_tag","embeddable":true,"href":"https:\/\/www.pretiumpkg.com\/fr\/wp-json\/wp\/v2\/product_tag?post=41819"}],"curies":[{"name":"wp","href":"https:\/\/api.w.org\/{rel}","templated":true}]}}