{"id":41803,"date":"2022-12-09T09:12:46","date_gmt":"2022-12-09T15:12:46","guid":{"rendered":"https:\/\/live-pretiumpkg.pantheonsite.io\/product\/trousse-dechantillons-pcr-en-pet-blanc\/"},"modified":"2022-12-09T09:12:46","modified_gmt":"2022-12-09T15:12:46","slug":"trousse-dechantillons-pcr-en-pet-blanc","status":"publish","type":"product","link":"https:\/\/www.pretiumpkg.com\/fr\/produit\/trousse-dechantillons-pcr-en-pet-blanc\/","title":{"rendered":"Trousse d\u2019\u00e9chantillons PCR en PET blanc"},"content":{"rendered":"","protected":false},"excerpt":{"rendered":"<p>Cette trousse d\u2019\u00e9chantillons comprend quatre pots en PET de 10&nbsp;onces de Pretium contenant diff\u00e9rents niveaux de r\u00e9sine post-consommation afin que les clients puissent voir l\u2019impact esth\u00e9tique de diff\u00e9rents pourcentages de PCR dans un r\u00e9cipient blanc. Vous recevrez un pot avec 30&nbsp;% de PCR, un avec 50&nbsp;% de PCR, un avec 100&nbsp;% de PCR et un pot en r\u00e9sine PET vierge. Les trousses d\u2019\u00e9chantillons sont limit\u00e9es \u00e0 une par adresse.<\/p>\n","protected":false},"featured_media":35635,"template":"","meta":{"_acf_changed":false},"product_brand":[],"product_cat":[1855,1856],"product_tag":[],"class_list":{"0":"post-41803","1":"product","2":"type-product","3":"status-publish","4":"has-post-thumbnail","6":"product_cat-ensembles-dechantillons","7":"product_cat-solutions-durables","9":"first","10":"instock","11":"shipping-taxable","12":"purchasable","13":"product-type-variable"},"acf":[],"aioseo_notices":[],"_links":{"self":[{"href":"https:\/\/www.pretiumpkg.com\/fr\/wp-json\/wp\/v2\/product\/41803","targetHints":{"allow":["GET"]}}],"collection":[{"href":"https:\/\/www.pretiumpkg.com\/fr\/wp-json\/wp\/v2\/product"}],"about":[{"href":"https:\/\/www.pretiumpkg.com\/fr\/wp-json\/wp\/v2\/types\/product"}],"wp:featuredmedia":[{"embeddable":true,"href":"https:\/\/www.pretiumpkg.com\/fr\/wp-json\/wp\/v2\/media\/35635"}],"wp:attachment":[{"href":"https:\/\/www.pretiumpkg.com\/fr\/wp-json\/wp\/v2\/media?parent=41803"}],"wp:term":[{"taxonomy":"product_brand","embeddable":true,"href":"https:\/\/www.pretiumpkg.com\/fr\/wp-json\/wp\/v2\/product_brand?post=41803"},{"taxonomy":"product_cat","embeddable":true,"href":"https:\/\/www.pretiumpkg.com\/fr\/wp-json\/wp\/v2\/product_cat?post=41803"},{"taxonomy":"product_tag","embeddable":true,"href":"https:\/\/www.pretiumpkg.com\/fr\/wp-json\/wp\/v2\/product_tag?post=41803"}],"curies":[{"name":"wp","href":"https:\/\/api.w.org\/{rel}","templated":true}]}}