{"id":41780,"date":"2022-04-15T13:20:47","date_gmt":"2022-04-15T18:20:47","guid":{"rendered":"https:\/\/live-pretiumpkg.pantheonsite.io\/product\/pots-a-parois-droites-en-pp\/"},"modified":"2022-04-15T13:20:47","modified_gmt":"2022-04-15T18:20:47","slug":"pots-a-parois-droites-en-pp","status":"publish","type":"product","link":"https:\/\/www.pretiumpkg.com\/fr\/produit\/pots-a-parois-droites-en-pp\/","title":{"rendered":"Pots \u00e0 parois droites en PP"},"content":{"rendered":"","protected":false},"excerpt":{"rendered":"<p>Cette famille de pots en polypropyl\u00e8ne \u00e0 paroi simple Olcott est id\u00e9ale pour tout, de la cire pour voiture \u00e0 la cire pour jambes. Ces bouteilles supportent une temp\u00e9rature de remplissage plus \u00e9lev\u00e9e que les pots en PET et sont souvent utilis\u00e9es pour les produits capillaires textur\u00e9s.<\/p>\n","protected":false},"featured_media":35435,"template":"","meta":{"_acf_changed":false},"product_brand":[],"product_cat":[1628],"product_tag":[],"class_list":{"0":"post-41780","1":"product","2":"type-product","3":"status-publish","4":"has-post-thumbnail","6":"product_cat-pots-en-plastique-a-large-ouverture","8":"first","9":"instock","10":"shipping-taxable","11":"purchasable","12":"product-type-variable"},"acf":[],"aioseo_notices":[],"_links":{"self":[{"href":"https:\/\/www.pretiumpkg.com\/fr\/wp-json\/wp\/v2\/product\/41780","targetHints":{"allow":["GET"]}}],"collection":[{"href":"https:\/\/www.pretiumpkg.com\/fr\/wp-json\/wp\/v2\/product"}],"about":[{"href":"https:\/\/www.pretiumpkg.com\/fr\/wp-json\/wp\/v2\/types\/product"}],"wp:featuredmedia":[{"embeddable":true,"href":"https:\/\/www.pretiumpkg.com\/fr\/wp-json\/wp\/v2\/media\/35435"}],"wp:attachment":[{"href":"https:\/\/www.pretiumpkg.com\/fr\/wp-json\/wp\/v2\/media?parent=41780"}],"wp:term":[{"taxonomy":"product_brand","embeddable":true,"href":"https:\/\/www.pretiumpkg.com\/fr\/wp-json\/wp\/v2\/product_brand?post=41780"},{"taxonomy":"product_cat","embeddable":true,"href":"https:\/\/www.pretiumpkg.com\/fr\/wp-json\/wp\/v2\/product_cat?post=41780"},{"taxonomy":"product_tag","embeddable":true,"href":"https:\/\/www.pretiumpkg.com\/fr\/wp-json\/wp\/v2\/product_tag?post=41780"}],"curies":[{"name":"wp","href":"https:\/\/api.w.org\/{rel}","templated":true}]}}