{"id":41719,"date":"2022-04-15T13:20:46","date_gmt":"2022-04-15T18:20:46","guid":{"rendered":"https:\/\/live-pretiumpkg.pantheonsite.io\/product\/contenants-de-prelevements-mi-jet-en-pp\/"},"modified":"2024-12-24T14:28:17","modified_gmt":"2024-12-24T20:28:17","slug":"contenants-de-prelevements-mi-jet-en-pp","status":"publish","type":"product","link":"https:\/\/www.pretiumpkg.com\/fr\/produit\/contenants-de-prelevements-mi-jet-en-pp\/","title":{"rendered":"Contenants de pr\u00e9l\u00e8vements mi-jet en PP"},"content":{"rendered":"","protected":false},"excerpt":{"rendered":"<p>Con\u00e7u pour le pr\u00e9l\u00e8vement mi-jet, le r\u00e9cipient st\u00e9rile de 120&nbsp;ml est emball\u00e9 de mani\u00e8re pratique dans une pochette en plastique transparente avec une lingette Castille. Un r\u00e9cipient st\u00e9rile \u00e9troit de 90&nbsp;ml avec entonnoir attach\u00e9 et emball\u00e9 avec un bouchon, une \u00e9tiquette patient s\u00e9par\u00e9e et une lingette nettoyante au savon de Castille dans un sac de transport Ziplock est \u00e9galement disponible.<\/p>\n","protected":false},"featured_media":48935,"template":"","meta":{"_acf_changed":false},"product_brand":[],"product_cat":[1793],"product_tag":[],"class_list":{"0":"post-41719","1":"product","2":"type-product","3":"status-publish","4":"has-post-thumbnail","6":"product_cat-soins-de-sante-specialises","8":"first","9":"outofstock","10":"shipping-taxable","11":"purchasable","12":"product-type-variable"},"acf":[],"aioseo_notices":[],"_links":{"self":[{"href":"https:\/\/www.pretiumpkg.com\/fr\/wp-json\/wp\/v2\/product\/41719","targetHints":{"allow":["GET"]}}],"collection":[{"href":"https:\/\/www.pretiumpkg.com\/fr\/wp-json\/wp\/v2\/product"}],"about":[{"href":"https:\/\/www.pretiumpkg.com\/fr\/wp-json\/wp\/v2\/types\/product"}],"wp:featuredmedia":[{"embeddable":true,"href":"https:\/\/www.pretiumpkg.com\/fr\/wp-json\/wp\/v2\/media\/48935"}],"wp:attachment":[{"href":"https:\/\/www.pretiumpkg.com\/fr\/wp-json\/wp\/v2\/media?parent=41719"}],"wp:term":[{"taxonomy":"product_brand","embeddable":true,"href":"https:\/\/www.pretiumpkg.com\/fr\/wp-json\/wp\/v2\/product_brand?post=41719"},{"taxonomy":"product_cat","embeddable":true,"href":"https:\/\/www.pretiumpkg.com\/fr\/wp-json\/wp\/v2\/product_cat?post=41719"},{"taxonomy":"product_tag","embeddable":true,"href":"https:\/\/www.pretiumpkg.com\/fr\/wp-json\/wp\/v2\/product_tag?post=41719"}],"curies":[{"name":"wp","href":"https:\/\/api.w.org\/{rel}","templated":true}]}}