{"id":41658,"date":"2022-04-15T13:20:39","date_gmt":"2022-04-15T18:20:39","guid":{"rendered":"https:\/\/live-pretiumpkg.pantheonsite.io\/product\/dispositifs-de-collecte-de-pp\/"},"modified":"2024-12-24T14:34:05","modified_gmt":"2024-12-24T20:34:05","slug":"dispositifs-de-collecte-en-pp","status":"publish","type":"product","link":"https:\/\/www.pretiumpkg.com\/fr\/produit\/dispositifs-de-collecte-en-pp\/","title":{"rendered":"Dispositifs de collecte en PP"},"content":{"rendered":"","protected":false},"excerpt":{"rendered":"<p>Pretium\/Starplex propose une vari\u00e9t\u00e9 de fioles de 30&nbsp;ml con\u00e7us pour \u00eatre utilis\u00e9s \u00e0 des fins telles que la collecte de mati\u00e8res f\u00e9cales, d\u2019urine et d\u2019expectorations. Des d\u00e9tails suppl\u00e9mentaires sont fournis pour chaque \u00e9l\u00e9ment de cette s\u00e9rie.<\/p>\n","protected":false},"featured_media":48917,"template":"","meta":{"_acf_changed":false},"product_brand":[],"product_cat":[1793],"product_tag":[],"class_list":{"0":"post-41658","1":"product","2":"type-product","3":"status-publish","4":"has-post-thumbnail","6":"product_cat-soins-de-sante-specialises","8":"first","9":"outofstock","10":"shipping-taxable","11":"purchasable","12":"product-type-variable"},"acf":[],"aioseo_notices":[],"_links":{"self":[{"href":"https:\/\/www.pretiumpkg.com\/fr\/wp-json\/wp\/v2\/product\/41658","targetHints":{"allow":["GET"]}}],"collection":[{"href":"https:\/\/www.pretiumpkg.com\/fr\/wp-json\/wp\/v2\/product"}],"about":[{"href":"https:\/\/www.pretiumpkg.com\/fr\/wp-json\/wp\/v2\/types\/product"}],"wp:featuredmedia":[{"embeddable":true,"href":"https:\/\/www.pretiumpkg.com\/fr\/wp-json\/wp\/v2\/media\/48917"}],"wp:attachment":[{"href":"https:\/\/www.pretiumpkg.com\/fr\/wp-json\/wp\/v2\/media?parent=41658"}],"wp:term":[{"taxonomy":"product_brand","embeddable":true,"href":"https:\/\/www.pretiumpkg.com\/fr\/wp-json\/wp\/v2\/product_brand?post=41658"},{"taxonomy":"product_cat","embeddable":true,"href":"https:\/\/www.pretiumpkg.com\/fr\/wp-json\/wp\/v2\/product_cat?post=41658"},{"taxonomy":"product_tag","embeddable":true,"href":"https:\/\/www.pretiumpkg.com\/fr\/wp-json\/wp\/v2\/product_tag?post=41658"}],"curies":[{"name":"wp","href":"https:\/\/api.w.org\/{rel}","templated":true}]}}