{"id":41643,"date":"2022-04-15T13:20:39","date_gmt":"2022-04-15T18:20:39","guid":{"rendered":"https:\/\/live-pretiumpkg.pantheonsite.io\/product\/pots-a-fond-droit-a-double-paroi-en-pp\/"},"modified":"2024-12-24T14:44:54","modified_gmt":"2024-12-24T20:44:54","slug":"pots-a-double-paroi-avec-fond-droit-en-pp","status":"publish","type":"product","link":"https:\/\/www.pretiumpkg.com\/fr\/produit\/pots-a-double-paroi-avec-fond-droit-en-pp\/","title":{"rendered":"Pots \u00e0 double paroi avec fond droit en PP"},"content":{"rendered":"","protected":false},"excerpt":{"rendered":"<p>Polyvalente et durable, la gamme Olcott de pots \u00e0 double paroi en PP \u00e0 base droite offre le gabarit d\u2019un pot \u00e0 paroi \u00e9paisse \u00e0 un prix raisonnable. Ces pots sont incassables et id\u00e9aux pour une large gamme de produits.<\/p>\n","protected":false},"featured_media":35434,"template":"","meta":{"_acf_changed":false},"product_brand":[],"product_cat":[1628],"product_tag":[],"class_list":{"0":"post-41643","1":"product","2":"type-product","3":"status-publish","4":"has-post-thumbnail","6":"product_cat-pots-en-plastique-a-large-ouverture","8":"first","9":"instock","10":"shipping-taxable","11":"purchasable","12":"product-type-variable"},"acf":[],"aioseo_notices":[],"_links":{"self":[{"href":"https:\/\/www.pretiumpkg.com\/fr\/wp-json\/wp\/v2\/product\/41643","targetHints":{"allow":["GET"]}}],"collection":[{"href":"https:\/\/www.pretiumpkg.com\/fr\/wp-json\/wp\/v2\/product"}],"about":[{"href":"https:\/\/www.pretiumpkg.com\/fr\/wp-json\/wp\/v2\/types\/product"}],"wp:featuredmedia":[{"embeddable":true,"href":"https:\/\/www.pretiumpkg.com\/fr\/wp-json\/wp\/v2\/media\/35434"}],"wp:attachment":[{"href":"https:\/\/www.pretiumpkg.com\/fr\/wp-json\/wp\/v2\/media?parent=41643"}],"wp:term":[{"taxonomy":"product_brand","embeddable":true,"href":"https:\/\/www.pretiumpkg.com\/fr\/wp-json\/wp\/v2\/product_brand?post=41643"},{"taxonomy":"product_cat","embeddable":true,"href":"https:\/\/www.pretiumpkg.com\/fr\/wp-json\/wp\/v2\/product_cat?post=41643"},{"taxonomy":"product_tag","embeddable":true,"href":"https:\/\/www.pretiumpkg.com\/fr\/wp-json\/wp\/v2\/product_tag?post=41643"}],"curies":[{"name":"wp","href":"https:\/\/api.w.org\/{rel}","templated":true}]}}