{"id":41557,"date":"2022-04-15T13:20:30","date_gmt":"2022-04-15T18:20:30","guid":{"rendered":"https:\/\/live-pretiumpkg.pantheonsite.io\/product\/pots-en-pet-sans-soudure\/"},"modified":"2024-12-24T14:53:00","modified_gmt":"2024-12-24T20:53:00","slug":"pots-sans-soudure-en-pet","status":"publish","type":"product","link":"https:\/\/www.pretiumpkg.com\/fr\/produit\/pots-sans-soudure-en-pet\/","title":{"rendered":"Pots sans soudure en PET"},"content":{"rendered":"","protected":false},"excerpt":{"rendered":"<p>Notre gamme de pots sans soudure Olcott en PET est clairement diff\u00e9rente&nbsp;: elle est le r\u00e9sultat d\u2019un processus de moulage r\u00e9volutionnaire qui produit des pots sans soudure et transparents, sans vagues ni distorsion. Ces pots recyclables ont \u00e9galement une construction plus l\u00e9g\u00e8re par rapport aux pots conventionnels en PET, PEHD ou PP pour une r\u00e9ussite en mati\u00e8re de durabilit\u00e9.<\/p>\n","protected":false},"featured_media":35432,"template":"","meta":{"_acf_changed":false},"product_brand":[],"product_cat":[1628],"product_tag":[],"class_list":{"0":"post-41557","1":"product","2":"type-product","3":"status-publish","4":"has-post-thumbnail","6":"product_cat-pots-en-plastique-a-large-ouverture","8":"first","9":"instock","10":"shipping-taxable","11":"purchasable","12":"product-type-variable"},"acf":[],"aioseo_notices":[],"_links":{"self":[{"href":"https:\/\/www.pretiumpkg.com\/fr\/wp-json\/wp\/v2\/product\/41557","targetHints":{"allow":["GET"]}}],"collection":[{"href":"https:\/\/www.pretiumpkg.com\/fr\/wp-json\/wp\/v2\/product"}],"about":[{"href":"https:\/\/www.pretiumpkg.com\/fr\/wp-json\/wp\/v2\/types\/product"}],"wp:featuredmedia":[{"embeddable":true,"href":"https:\/\/www.pretiumpkg.com\/fr\/wp-json\/wp\/v2\/media\/35432"}],"wp:attachment":[{"href":"https:\/\/www.pretiumpkg.com\/fr\/wp-json\/wp\/v2\/media?parent=41557"}],"wp:term":[{"taxonomy":"product_brand","embeddable":true,"href":"https:\/\/www.pretiumpkg.com\/fr\/wp-json\/wp\/v2\/product_brand?post=41557"},{"taxonomy":"product_cat","embeddable":true,"href":"https:\/\/www.pretiumpkg.com\/fr\/wp-json\/wp\/v2\/product_cat?post=41557"},{"taxonomy":"product_tag","embeddable":true,"href":"https:\/\/www.pretiumpkg.com\/fr\/wp-json\/wp\/v2\/product_tag?post=41557"}],"curies":[{"name":"wp","href":"https:\/\/api.w.org\/{rel}","templated":true}]}}