{"id":41521,"date":"2022-04-15T13:20:38","date_gmt":"2022-04-15T18:20:38","guid":{"rendered":"https:\/\/live-pretiumpkg.pantheonsite.io\/product\/pots-de-type-torsade-en-pet\/"},"modified":"2022-04-15T13:20:38","modified_gmt":"2022-04-15T18:20:38","slug":"pots-de-type-torsade-en-pet","status":"publish","type":"product","link":"https:\/\/www.pretiumpkg.com\/fr\/produit\/pots-de-type-torsade-en-pet\/","title":{"rendered":"Pots de type torsad\u00e9 en PET"},"content":{"rendered":"","protected":false},"excerpt":{"rendered":"<p>Les pots de type torsad\u00e9 en PET sont principalement utilis\u00e9s pour les beurres de noix et les p\u00e2tes \u00e0 tartiner.<\/p>\n","protected":false},"featured_media":35961,"template":"","meta":{"_acf_changed":false},"product_brand":[],"product_cat":[1628],"product_tag":[],"class_list":{"0":"post-41521","1":"product","2":"type-product","3":"status-publish","4":"has-post-thumbnail","6":"product_cat-pots-en-plastique-a-large-ouverture","8":"first","9":"outofstock","10":"shipping-taxable","11":"purchasable","12":"product-type-variable"},"acf":[],"aioseo_notices":[],"_links":{"self":[{"href":"https:\/\/www.pretiumpkg.com\/fr\/wp-json\/wp\/v2\/product\/41521","targetHints":{"allow":["GET"]}}],"collection":[{"href":"https:\/\/www.pretiumpkg.com\/fr\/wp-json\/wp\/v2\/product"}],"about":[{"href":"https:\/\/www.pretiumpkg.com\/fr\/wp-json\/wp\/v2\/types\/product"}],"wp:featuredmedia":[{"embeddable":true,"href":"https:\/\/www.pretiumpkg.com\/fr\/wp-json\/wp\/v2\/media\/35961"}],"wp:attachment":[{"href":"https:\/\/www.pretiumpkg.com\/fr\/wp-json\/wp\/v2\/media?parent=41521"}],"wp:term":[{"taxonomy":"product_brand","embeddable":true,"href":"https:\/\/www.pretiumpkg.com\/fr\/wp-json\/wp\/v2\/product_brand?post=41521"},{"taxonomy":"product_cat","embeddable":true,"href":"https:\/\/www.pretiumpkg.com\/fr\/wp-json\/wp\/v2\/product_cat?post=41521"},{"taxonomy":"product_tag","embeddable":true,"href":"https:\/\/www.pretiumpkg.com\/fr\/wp-json\/wp\/v2\/product_tag?post=41521"}],"curies":[{"name":"wp","href":"https:\/\/api.w.org\/{rel}","templated":true}]}}