{"id":41505,"date":"2022-04-15T13:20:38","date_gmt":"2022-04-15T18:20:38","guid":{"rendered":"https:\/\/live-pretiumpkg.pantheonsite.io\/product\/pulverisateurs-a-gachette-en-pet\/"},"modified":"2022-04-15T13:20:38","modified_gmt":"2022-04-15T18:20:38","slug":"pulverisateurs-a-gachette-en-pet","status":"publish","type":"product","link":"https:\/\/www.pretiumpkg.com\/fr\/produit\/pulverisateurs-a-gachette-en-pet\/","title":{"rendered":"Pulv\u00e9risateurs \u00e0 g\u00e2chette en PET"},"content":{"rendered":"","protected":false},"excerpt":{"rendered":"<p>Les pulv\u00e9risateurs \u00e0 g\u00e2chette en PET sont disponibles dans une vari\u00e9t\u00e9 de tailles et avec des finitions de col \u00e0 cliquet et sans cliquet de 28&nbsp;mm.<\/p>\n","protected":false},"featured_media":48898,"template":"","meta":{"_acf_changed":false},"product_brand":[],"product_cat":[1661],"product_tag":[],"class_list":{"0":"post-41505","1":"product","2":"type-product","3":"status-publish","4":"has-post-thumbnail","6":"product_cat-flacons-pulverisateurs","8":"first","9":"instock","10":"shipping-taxable","11":"purchasable","12":"product-type-variable"},"acf":[],"aioseo_notices":[],"_links":{"self":[{"href":"https:\/\/www.pretiumpkg.com\/fr\/wp-json\/wp\/v2\/product\/41505","targetHints":{"allow":["GET"]}}],"collection":[{"href":"https:\/\/www.pretiumpkg.com\/fr\/wp-json\/wp\/v2\/product"}],"about":[{"href":"https:\/\/www.pretiumpkg.com\/fr\/wp-json\/wp\/v2\/types\/product"}],"wp:featuredmedia":[{"embeddable":true,"href":"https:\/\/www.pretiumpkg.com\/fr\/wp-json\/wp\/v2\/media\/48898"}],"wp:attachment":[{"href":"https:\/\/www.pretiumpkg.com\/fr\/wp-json\/wp\/v2\/media?parent=41505"}],"wp:term":[{"taxonomy":"product_brand","embeddable":true,"href":"https:\/\/www.pretiumpkg.com\/fr\/wp-json\/wp\/v2\/product_brand?post=41505"},{"taxonomy":"product_cat","embeddable":true,"href":"https:\/\/www.pretiumpkg.com\/fr\/wp-json\/wp\/v2\/product_cat?post=41505"},{"taxonomy":"product_tag","embeddable":true,"href":"https:\/\/www.pretiumpkg.com\/fr\/wp-json\/wp\/v2\/product_tag?post=41505"}],"curies":[{"name":"wp","href":"https:\/\/api.w.org\/{rel}","templated":true}]}}