{"id":41468,"date":"2022-04-15T13:20:02","date_gmt":"2022-04-15T18:20:02","guid":{"rendered":"https:\/\/live-pretiumpkg.pantheonsite.io\/product\/pots-cp\/"},"modified":"2024-12-24T14:51:59","modified_gmt":"2024-12-24T20:51:59","slug":"pots-en-pc","status":"publish","type":"product","link":"https:\/\/www.pretiumpkg.com\/fr\/produit\/pots-en-pc\/","title":{"rendered":"Pots en PC"},"content":{"rendered":"","protected":false},"excerpt":{"rendered":"<p>Les pots en polypropyl\u00e8ne clarifi\u00e9 sont g\u00e9n\u00e9ralement utilis\u00e9s pour les produits de soins capillaires et autres cr\u00e8mes, lotions et gels. Elles sont id\u00e9ales lorsque vous avez besoin de temp\u00e9ratures de remplissage plus \u00e9lev\u00e9es, mais que vous souhaitez n\u00e9anmoins un r\u00e9cipient transparent.<\/p>\n","protected":false},"featured_media":35682,"template":"","meta":{"_acf_changed":false},"product_brand":[],"product_cat":[1628],"product_tag":[],"class_list":{"0":"post-41468","1":"product","2":"type-product","3":"status-publish","4":"has-post-thumbnail","6":"product_cat-pots-en-plastique-a-large-ouverture","8":"first","9":"instock","10":"shipping-taxable","11":"purchasable","12":"product-type-variable"},"acf":[],"aioseo_notices":[],"_links":{"self":[{"href":"https:\/\/www.pretiumpkg.com\/fr\/wp-json\/wp\/v2\/product\/41468","targetHints":{"allow":["GET"]}}],"collection":[{"href":"https:\/\/www.pretiumpkg.com\/fr\/wp-json\/wp\/v2\/product"}],"about":[{"href":"https:\/\/www.pretiumpkg.com\/fr\/wp-json\/wp\/v2\/types\/product"}],"wp:featuredmedia":[{"embeddable":true,"href":"https:\/\/www.pretiumpkg.com\/fr\/wp-json\/wp\/v2\/media\/35682"}],"wp:attachment":[{"href":"https:\/\/www.pretiumpkg.com\/fr\/wp-json\/wp\/v2\/media?parent=41468"}],"wp:term":[{"taxonomy":"product_brand","embeddable":true,"href":"https:\/\/www.pretiumpkg.com\/fr\/wp-json\/wp\/v2\/product_brand?post=41468"},{"taxonomy":"product_cat","embeddable":true,"href":"https:\/\/www.pretiumpkg.com\/fr\/wp-json\/wp\/v2\/product_cat?post=41468"},{"taxonomy":"product_tag","embeddable":true,"href":"https:\/\/www.pretiumpkg.com\/fr\/wp-json\/wp\/v2\/product_tag?post=41468"}],"curies":[{"name":"wp","href":"https:\/\/api.w.org\/{rel}","templated":true}]}}