{"id":41436,"date":"2022-04-15T13:20:02","date_gmt":"2022-04-15T18:20:02","guid":{"rendered":"https:\/\/live-pretiumpkg.pantheonsite.io\/product\/pulverisateurs-a-poignee-pistolet-en-pehd\/"},"modified":"2022-04-15T13:20:02","modified_gmt":"2022-04-15T18:20:02","slug":"pulverisateurs-a-poignee-pistolet-en-pehd","status":"publish","type":"product","link":"https:\/\/www.pretiumpkg.com\/fr\/produit\/pulverisateurs-a-poignee-pistolet-en-pehd\/","title":{"rendered":"Pulv\u00e9risateurs \u00e0 poign\u00e9e-pistolet en PEHD"},"content":{"rendered":"","protected":false},"excerpt":{"rendered":"<p>Les pulv\u00e9risateurs \u00e0 poign\u00e9e pistolet en PEHD sont l\u2019une des gammes de flacons pulv\u00e9risateurs \u00e0 g\u00e2chette les plus populaires de la gamme de produits Patrick.<\/p>\n","protected":false},"featured_media":35763,"template":"","meta":{"_acf_changed":false},"product_brand":[],"product_cat":[1661],"product_tag":[],"class_list":{"0":"post-41436","1":"product","2":"type-product","3":"status-publish","4":"has-post-thumbnail","6":"product_cat-flacons-pulverisateurs","8":"first","9":"instock","10":"shipping-taxable","11":"purchasable","12":"product-type-variable"},"acf":[],"aioseo_notices":[],"_links":{"self":[{"href":"https:\/\/www.pretiumpkg.com\/fr\/wp-json\/wp\/v2\/product\/41436","targetHints":{"allow":["GET"]}}],"collection":[{"href":"https:\/\/www.pretiumpkg.com\/fr\/wp-json\/wp\/v2\/product"}],"about":[{"href":"https:\/\/www.pretiumpkg.com\/fr\/wp-json\/wp\/v2\/types\/product"}],"wp:featuredmedia":[{"embeddable":true,"href":"https:\/\/www.pretiumpkg.com\/fr\/wp-json\/wp\/v2\/media\/35763"}],"wp:attachment":[{"href":"https:\/\/www.pretiumpkg.com\/fr\/wp-json\/wp\/v2\/media?parent=41436"}],"wp:term":[{"taxonomy":"product_brand","embeddable":true,"href":"https:\/\/www.pretiumpkg.com\/fr\/wp-json\/wp\/v2\/product_brand?post=41436"},{"taxonomy":"product_cat","embeddable":true,"href":"https:\/\/www.pretiumpkg.com\/fr\/wp-json\/wp\/v2\/product_cat?post=41436"},{"taxonomy":"product_tag","embeddable":true,"href":"https:\/\/www.pretiumpkg.com\/fr\/wp-json\/wp\/v2\/product_tag?post=41436"}],"curies":[{"name":"wp","href":"https:\/\/api.w.org\/{rel}","templated":true}]}}