{"id":41022,"date":"2019-11-12T20:53:49","date_gmt":"2019-11-13T02:53:49","guid":{"rendered":"https:\/\/live-pretiumpkg.pantheonsite.io\/politique-de-confidentialite-de-pretium-packaging\/"},"modified":"2024-12-23T22:49:04","modified_gmt":"2024-12-24T04:49:04","slug":"politique-de-confidentialite-de-pretium-packaging","status":"publish","type":"page","link":"https:\/\/www.pretiumpkg.com\/fr\/politique-de-confidentialite-de-pretium-packaging\/","title":{"rendered":"Politique de confidentialit\u00e9 de Pretium Packaging"},"content":{"rendered":"<p><strong><em>En vigueur le 01\/07\/24<\/em><\/strong> &#8212; Pretium Packaging LLC et ses soci\u00e9t\u00e9s affili\u00e9es et filiales applicables (collectivement \u00ab\u00a0Pretium Packaging\u00a0\u00bb, \u00ab\u00a0nous\u00a0\u00bb ou \u00ab\u00a0nos\u00a0\u00bb) d\u00e9veloppent, fabriquent, commercialisent et distribuent une large gamme de contenants et de fermetures en plastique.<\/p>\n<p>Chez Pretium Packaging, nous respectons votre vie priv\u00e9e et nous engageons \u00e0 la prot\u00e9ger en nous conformant \u00e0 cette politique. La politique de confidentialit\u00e9 suivante s\u2019applique \u00e0 <strong><a title=\"Site Web de Pretium Packaging\" href=\"https:\/\/www.pretiumpkg.com\" target=\"_blank\" rel=\"noopener\">www.pretiumpkg.com<\/a><\/strong>, y compris tous les sous-domaines applicables et tous les sites Web appartenant \u00e0 Pretium Packaging (le \u00ab\u00a0Site Web\u00a0\u00bb ou collectivement, les \u00ab\u00a0Sites Web\u00a0\u00bb).<\/p>\n<p>Veuillez lire attentivement cette politique pour comprendre nos politiques et pratiques concernant vos informations et comment nous les traiterons. Si vous n\u2019\u00eates pas d\u2019accord avec nos politiques et pratiques, votre choix est de ne pas utiliser notre site Web. En acc\u00e9dant ou en utilisant ce site Web, vous acceptez cette politique de confidentialit\u00e9. Cette politique peut changer de temps \u00e0 autre. Votre utilisation continue de ce site Web apr\u00e8s que nous ayons apport\u00e9 des modifications est consid\u00e9r\u00e9e comme une acceptation de ces modifications. Veuillez donc consulter r\u00e9guli\u00e8rement la politique pour les mises \u00e0 jour.<\/p>\n<h3 class=\"u-color-blue mt-4\">Cueillette<\/h3>\n<p>Nous recueillons certaines informations personnelles vous concernant, en fonction de votre utilisation du site Web, y compris, mais sans s\u2019y limiter, votre nom, votre adresse postale, votre t\u00e9l\u00e9phone et votre adresse courriel. Nous pouvons recueillir des informations personnelles lorsque vous nous contactez en utilisant notre formulaire de contact en ligne, lorsque vous effectuez des recherches ou lorsque vous nous envoyez un courrier \u00e9lectronique. Nous pouvons \u00e9galement recueillir des informations personnelles si vous choisissez de r\u00e9pondre \u00e0 l\u2019une de nos enqu\u00eates ou si vous choisissez de vous inscrire sur l\u2019un de nos sites Web.<\/p>\n<p>Nous pouvons \u00e9galement recueillir des informations sur votre entreprise, comme son nom, son site Web et son budget annuel en mati\u00e8re de conditionnement, afin de r\u00e9pondre plus pr\u00e9cis\u00e9ment \u00e0 votre demande en vous fournissant des informations plus d\u00e9taill\u00e9es et plus cibl\u00e9es.<\/p>\n<p>Nous pouvons \u00e9galement recueillir des informations aupr\u00e8s de vous par des moyens automatis\u00e9s (y compris des fichiers t\u00e9moins et des journaux de serveur Web) lorsque vous visitez nos sites Web ou interagissez avec eux, comme l\u2019adresse IP (Internet Protocol), le type de navigateur, la date et l\u2019heure de la visite, la page de r\u00e9f\u00e9rence, les informations collect\u00e9es par les fichiers t\u00e9moins (voir ci-dessous), les pages du site Web que vous visitez, et d\u2019autres informations.<\/p>\n<h3 class=\"u-color-blue mt-4\">Utilisation<\/h3>\n<p>Nous utilisons les informations personnelles que nous recueillons \u00e0 votre sujet pour r\u00e9pondre \u00e0 vos questions ou pour vous fournir les produits, les services ou les informations que vous demandez. Nous pouvons \u00e9galement utiliser vos informations personnelles pour vous tenir au courant de nos nouveaux produits et services ou pour vous informer des \u00e9v\u00e9nements \u00e0 venir. Si vous souhaitez ne plus recevoir de mat\u00e9riel promotionnel ou de marketing de notre part, veuillez consulter la section \u00ab\u00a0Vos choix\u00a0\u00bb ci-dessous.<\/p>\n<p>En outre, nous pouvons utiliser les informations personnelles que nous recueillons \u00e0 votre sujet\u00a0:<\/p>\n<ul>\n<li>Pour vous pr\u00e9senter notre site Web et son contenu.<\/li>\n<li>Pour r\u00e9pondre \u00e0 toute autre fin pour laquelle vous les avez fournies.<\/li>\n<li>Pour remplir nos obligations et faire valoir nos droits d\u00e9coulant de tout contrat conclu entre vous et nous, y compris pour la facturation et le recouvrement.<\/li>\n<li>De toute autre mani\u00e8re, nous pouvons d\u00e9crire lorsque vous fournissez les informations.<\/li>\n<li>\u00c0 toute autre fin avec votre consentement.<\/li>\n<li>Pour cr\u00e9er et g\u00e9rer votre compte en ligne, y compris l\u2019acc\u00e8s \u00e0 votre historique d\u2019achat.<\/li>\n<li>Pour aider \u00e0 la s\u00e9lection et au r\u00e9approvisionnement des produits.<\/li>\n<li>Pour adapter les publicit\u00e9s qui vous sont pr\u00e9sent\u00e9es sur nos sites Web et ailleurs \u00e0 vos int\u00e9r\u00eats et \u00e0 votre historique avec nous.<\/li>\n<li>Pour exploiter, \u00e9valuer et am\u00e9liorer nos activit\u00e9s (y compris en d\u00e9veloppant de nouveaux services et en offrant des produits suppl\u00e9mentaires, en effectuant des analyses de donn\u00e9es, en am\u00e9liorant les performances techniques et le fonctionnement de nos sites Web, en g\u00e9rant nos communications et en ex\u00e9cutant des t\u00e2ches de comptabilit\u00e9, d\u2019audit et\/ou d\u2019autres fonctions internes).<\/li>\n<\/ul>\n<p>Nous pouvons \u00e9galement divulguer vos informations personnelles\u00a0:<\/p>\n<ul>\n<li>Pour nous conformer \u00e0 toute ordonnance d\u2019un tribunal, \u00e0 toute loi ou \u00e0 toute proc\u00e9dure judiciaire, y compris pour r\u00e9pondre \u00e0 toute demande gouvernementale ou r\u00e9glementaire.<\/li>\n<li>Pour faire respecter ou appliquer nos conditions d\u2019utilisation ou nos conditions de vente et autres accords, y compris \u00e0 des fins de facturation et de recouvrement.<\/li>\n<\/ul>\n<p>Les informations recueillies sont n\u00e9cessaires aux fins \u00e9nonc\u00e9es ci-dessus. Sans ces informations, vous ne pourrez peut-\u00eatre pas profiter de certains de nos services.<\/p>\n<h3 class=\"u-color-blue mt-4\">Partage<\/h3>\n<p>Nous pouvons partager vos informations avec nos soci\u00e9t\u00e9s affili\u00e9es, filiales, employ\u00e9s, prestataires de services tiers, sous-traitants ou consultants afin qu\u2019ils puissent s\u2019acquitter de leurs t\u00e2ches et afin que nous puissions vous fournir nos produits et services.<\/p>\n<p>En r\u00e8gle g\u00e9n\u00e9rale, nous ne vendrons, ne distribuerons, ne publierons, ne divulguerons ni ne partagerons vos informations personnelles \u00e0 des tiers non affili\u00e9s sans votre consentement. Toutefois, dans certaines situations pr\u00e9cises, nous pouvons divulguer vos informations personnelles \u00e0 des tiers non affili\u00e9s\u00a0: (1) qui fournissent des services en notre nom dans la mesure o\u00f9 ces informations sont n\u00e9cessaires \u00e0 la fourniture de ces services (ces fournisseurs de services comprennent, par exemple, des entit\u00e9s qui traitent les paiements par carte de cr\u00e9dit, fournissent des services de marketing et des services d\u2019optimisation de sites Web); (2) afin de se conformer \u00e0 la loi ou de r\u00e9pondre \u00e0 une demande ou \u00e0 un ordre l\u00e9galement valable, \u00e0 une citation \u00e0 compara\u00eetre ou \u00e0 un mandat de perquisition; (3) dans le cadre d\u2019une transaction d\u2019entreprise, comme une fusion ou une vente d\u2019actifs (nous ferons en ce cas des efforts raisonnables pour demander au cessionnaire d\u2019utiliser les donn\u00e9es personnelles que vous nous avez fournies d\u2019une mani\u00e8re conforme \u00e0 la pr\u00e9sente politique de confidentialit\u00e9 et vous pouvez contacter le cessionnaire pour toute question concernant le traitement de vos informations personnelles); (4) afin d\u2019appliquer nos conditions g\u00e9n\u00e9rales et d\u2019autres accords ou politiques; et\/ou (5) pour nous prot\u00e9ger, prot\u00e9ger nos employ\u00e9s, nos clients ou les membres du public.<\/p>\n<p>Nous pouvons transf\u00e9rer vos informations personnelles \u00e0 des soci\u00e9t\u00e9s affili\u00e9es et \u00e0 des prestataires de services dans des pays autres que celui dans lequel les informations ont \u00e9t\u00e9 initialement recueillies, et vos informations personnelles peuvent \u00eatre stock\u00e9es et trait\u00e9es en dehors de votre pays de r\u00e9sidence. Ces pays peuvent ne pas avoir les m\u00eames lois sur la protection des donn\u00e9es que votre pays de r\u00e9sidence, et vos informations personnelles seront soumises aux lois \u00e9trang\u00e8res applicables.<\/p>\n<h3 class=\"u-color-blue mt-4\">Vos choix<\/h3>\n<p>Si vous souhaitez refuser de recevoir des communications promotionnelles ou marketing de notre part, mettre \u00e0 jour ou modifier vos informations personnelles ou supprimer les informations personnelles que vous nous avez fournies, veuillez nous en informer en appelant notre num\u00e9ro gratuit (\u00c9tats-Unis\u00a0: 1-800-766-4919; CAN\u00a0: 1-800-665-0954) ou en nous envoyant un courriel \u00e0 customerservice@pretiumpkg.com. Vous pouvez \u00e9galement choisir de ne plus recevoir de courriels promotionnels en cliquant sur le lien de d\u00e9sabonnement situ\u00e9 au bas de chaque courriel marketing. Veuillez nous fournir votre nom complet et votre adresse courriel (ou d\u2019autres coordonn\u00e9es applicables) lorsque vous nous contactez.<\/p>\n<p>Veuillez noter que le traitement de votre demande de d\u00e9sinscription peut prendre plusieurs jours et que vous pouvez continuer \u00e0 recevoir du mat\u00e9riel promotionnel ou marketing pendant cette p\u00e9riode. Veuillez \u00e9galement noter que le fait de refuser de recevoir ces messages ne nous emp\u00eachera pas de vous envoyer d\u2019autres types de messages non promotionnels, tels que des courriels concernant votre compte enregistr\u00e9 ou vos commandes.<br \/>\nSous r\u00e9serve de la loi applicable, vous pouvez \u00e9galement avoir le droit d\u2019acc\u00e9der et de recevoir des d\u00e9tails sur les informations personnelles que nous conservons \u00e0 votre sujet. Vous pouvez exercer ce droit en nous contactant comme indiqu\u00e9 ci-dessus.<\/p>\n<h3 class=\"u-color-blue mt-4\">Fichiers t\u00e9moins et autres technologies Web<\/h3>\n<p>Notre site Web utilise des fichiers t\u00e9moins et d\u2019autres technologies Web, comme les journaux de serveur Web. Un fichier t\u00e9moin est un petit fichier texte stock\u00e9 sur votre ordinateur ou appareil par le serveur d\u2019un site Web. Lorsque vous visitez ou interagissez avec nos sites Web, nous pouvons utiliser des fichiers t\u00e9moins pour d\u00e9terminer si vous avez d\u00e9j\u00e0 visit\u00e9 nos sites Web, proposer un contenu personnalis\u00e9, am\u00e9liorer votre exp\u00e9rience sur notre site Web, personnaliser les publicit\u00e9s qui vous sont pr\u00e9sent\u00e9es et pour l\u2019analyse des donn\u00e9es. Par exemple, les fichiers t\u00e9moins nous aident \u00e0 comprendre si vous \u00eates d\u00e9j\u00e0 connect\u00e9 ou non lorsque vous cliquez sur notre site Web. Vous pouvez utiliser les param\u00e8tres de votre navigateur pour choisir quels fichiers t\u00e9moins peuvent \u00eatre plac\u00e9s sur votre ordinateur et pour supprimer ou d\u00e9sactiver les fichiers t\u00e9moins, mais configurer un navigateur pour rejeter les fichiers t\u00e9moins peut affecter et limiter votre exp\u00e9rience sur nos sites Web.<\/p>\n<p>Nous utilisons des fournisseurs de services d\u2019analyse tiers, comme Google Analytics, pour administrer ces technologies Web et nous aider \u00e0 analyser la mani\u00e8re dont les visiteurs utilisent nos sites Web. Les informations recueillies par ces moyens (y compris les adresses IP) sont divulgu\u00e9es \u00e0 ces prestataires de services. Pour en savoir plus sur Google Analytics et exercer votre choix concernant leur collecte sur nos sites Web, veuillez consulter <strong><a title=\"Politique de confidentialit\u00e9 de Google Analytics\" href=\"http:\/\/www.google.com\/intl\/en\/analytics\/privacyoverview.html\" target=\"_blank\" rel=\"noopener\">http:\/\/www.google.com\/intl\/en\/analytics\/privacyoverview.html<\/a><\/strong>.<\/p>\n<h3 class=\"u-color-blue mt-4\">Droits \u00e0 la vie priv\u00e9e en Californie<\/h3>\n<p>En vertu de la loi californienne, les op\u00e9rateurs de sites Web et de services en ligne sont tenus de divulguer la mani\u00e8re dont ils r\u00e9pondent aux signaux \u00ab\u00a0ne pas suivre\u00a0\u00bb des navigateurs Web ou \u00e0 d\u2019autres m\u00e9canismes similaires. Nous ne modifions actuellement pas nos pratiques de suivi en r\u00e9ponse aux signaux \u00ab\u00a0ne pas effectuer de suivi\u00a0\u00bb ou \u00e0 d\u2019autres m\u00e9canismes similaires. La loi californienne exige \u00e9galement que les op\u00e9rateurs de sites Web et de services en ligne divulguent si des tiers peuvent recueillir des informations personnelles sur les activit\u00e9s en ligne des utilisateurs au fil du temps et sur diff\u00e9rents sites lorsque les utilisateurs acc\u00e8dent au site Web ou au service de l\u2019op\u00e9rateur. Des tiers qui ont du contenu ou des services int\u00e9gr\u00e9s sur nos sites Web, tels qu\u2019une fonctionnalit\u00e9 sociale, un service d\u2019analyse ou un partenaire de r\u00e9seau publicitaire, peuvent obtenir des informations sur vos habitudes de navigation ou d\u2019utilisation, mais ces informations n\u2019incluent pas les informations personnelles. Ces tiers ne modifient pas leurs pratiques de suivi en r\u00e9ponse aux signaux \u00ab\u00a0ne pas effectuer de suivi\u00a0\u00bb de votre navigateur Web et nous n\u2019obligeons pas ces tiers \u00e0 respecter les signaux \u00ab\u00a0ne pas suivre\u00a0\u00bb.<\/p>\n<p>En vertu de la loi californienne, les r\u00e9sidents de Californie peuvent demander certaines informations concernant les types d\u2019informations que nous partageons avec des tiers \u00e0 des fins de marketing direct et l\u2019identit\u00e9 de ces tiers. Si vous r\u00e9sidez en Californie, vous pouvez faire une telle demande en nous envoyant un courriel \u00e0 customerservice@pretiumpkg.com avec \u00ab\u00a0Demande d\u2019informations sur la confidentialit\u00e9 en Californie\u00a0\u00bb comme objet. Veuillez noter que tous les partages d\u2019informations ne sont pas couverts par l\u2019article\u00a01798.83 du Code civil californien.<\/p>\n<h3 class=\"u-color-blue mt-4\">Enfants<\/h3>\n<p>Nos sites Web ne sont pas destin\u00e9s aux enfants de moins de 13\u00a0ans et nous ne collectons pas sciemment d\u2019informations personnelles aupr\u00e8s des enfants. Si vous avez moins de 13\u00a0ans, veuillez cesser d\u2019utiliser nos sites Web. Notre politique est de ne pas solliciter ou permettre sciemment aux enfants de moins de 13\u00a0ans de fournir leurs informations personnelles \u00e0 quelque fin que ce soit. Les r\u00e9sidents de Californie \u00e2g\u00e9s de moins de 16\u00a0ans peuvent avoir des droits suppl\u00e9mentaires concernant la collecte et la vente de leurs informations personnelles. Veuillez consulter la section Droits \u00e0 la confidentialit\u00e9 en Californie, ci-dessus, pour plus d\u2019informations.<\/p>\n<h3 class=\"u-color-blue mt-4\">Sites Web et r\u00e9seaux sociaux tiers<\/h3>\n<p>Nos sites Web peuvent contenir des liens vers des sites Web qui ne sont pas sous notre contr\u00f4le. Nous ne sommes pas responsables des pratiques de confidentialit\u00e9 de tout site li\u00e9 qui n\u2019est pas contr\u00f4l\u00e9 par nous. Par exemple, nous fournissons un certain nombre de liens vers des associations et des instituts qui font partie de l\u2019industrie de conditionnement, ainsi que d\u2019autres industries. Nous fournissons \u00e9galement des liens vers les r\u00e9seaux sociaux, comme Facebook, Twitter et LinkedIn. Nous ne sommes pas responsables des pratiques de confidentialit\u00e9 de ces sites Web externes ni de leur utilisation de vos informations. Nous vous encourageons \u00e0 consulter les politiques de confidentialit\u00e9 de ces sites Web.<\/p>\n<h3 class=\"u-color-blue mt-4\">Publicit\u00e9 cibl\u00e9e<\/h3>\n<p>Nous pouvons conclure des contrats avec des r\u00e9seaux publicitaires tiers (par exemple, Google) qui recueillent des adresses IP et d\u2019autres informations via l\u2019utilisation de t\u00e9moins et de journaux de serveur Web sur nos sites Web et courriels, sur des sites Web tiers, des r\u00e9seaux de m\u00e9dias sociaux et des courriels, et sur notre publicit\u00e9 plac\u00e9e sur des sites Web tiers et des r\u00e9seaux de m\u00e9dias sociaux. Ces r\u00e9seaux publicitaires utilisent ces informations pour fournir des publicit\u00e9s sur des produits et services adapt\u00e9s \u00e0 vos int\u00e9r\u00eats (y compris pour des soci\u00e9t\u00e9s non affili\u00e9es \u00e0 nous). Vous pouvez voir ces publicit\u00e9s sur nos sites Web ou sur d\u2019autres sites Web tiers. Ces processus nous aident \u00e9galement \u00e0 tester et \u00e0 suivre l\u2019efficacit\u00e9 de nos efforts de marketing.<\/p>\n<h3 class=\"u-color-blue mt-4\">D\u00e9claration de fichiers t\u00e9moins<\/h3>\n<p><script id=\"CookieDeclaration\" src=\"https:\/\/consent.cookiebot.com\/26748c7a-88fe-4cd1-912b-bd464dddb854\/cd.js\" type=\"text\/javascript\" async=\"\"><\/script><\/p>\n","protected":false},"excerpt":{"rendered":"<p>En vigueur le 01\/07\/24 &#8212; Pretium Packaging LLC et ses soci\u00e9t\u00e9s affili\u00e9es et filiales applicables (collectivement \u00ab\u00a0Pretium Packaging\u00a0\u00bb, \u00ab\u00a0nous\u00a0\u00bb ou \u00ab\u00a0nos\u00a0\u00bb) d\u00e9veloppent, fabriquent, commercialisent et distribuent une large gamme de contenants et de fermetures en plastique. Chez Pretium Packaging, nous respectons votre vie priv\u00e9e et nous engageons \u00e0 la prot\u00e9ger en nous conformant \u00e0 cette [&hellip;]<\/p>\n","protected":false},"author":39,"featured_media":0,"parent":0,"menu_order":32,"comment_status":"closed","ping_status":"open","template":"","meta":{"_acf_changed":false,"footnotes":""},"class_list":["post-41022","page","type-page","status-publish","hentry"],"acf":[],"aioseo_notices":[],"_links":{"self":[{"href":"https:\/\/www.pretiumpkg.com\/fr\/wp-json\/wp\/v2\/pages\/41022","targetHints":{"allow":["GET"]}}],"collection":[{"href":"https:\/\/www.pretiumpkg.com\/fr\/wp-json\/wp\/v2\/pages"}],"about":[{"href":"https:\/\/www.pretiumpkg.com\/fr\/wp-json\/wp\/v2\/types\/page"}],"author":[{"embeddable":true,"href":"https:\/\/www.pretiumpkg.com\/fr\/wp-json\/wp\/v2\/users\/39"}],"replies":[{"embeddable":true,"href":"https:\/\/www.pretiumpkg.com\/fr\/wp-json\/wp\/v2\/comments?post=41022"}],"version-history":[{"count":2,"href":"https:\/\/www.pretiumpkg.com\/fr\/wp-json\/wp\/v2\/pages\/41022\/revisions"}],"predecessor-version":[{"id":49325,"href":"https:\/\/www.pretiumpkg.com\/fr\/wp-json\/wp\/v2\/pages\/41022\/revisions\/49325"}],"wp:attachment":[{"href":"https:\/\/www.pretiumpkg.com\/fr\/wp-json\/wp\/v2\/media?parent=41022"}],"curies":[{"name":"wp","href":"https:\/\/api.w.org\/{rel}","templated":true}]}}