{"id":41005,"date":"2020-06-03T14:41:54","date_gmt":"2020-06-03T19:41:54","guid":{"rendered":"https:\/\/live-pretiumpkg.pantheonsite.io\/accessibilite\/"},"modified":"2020-06-03T14:41:54","modified_gmt":"2020-06-03T19:41:54","slug":"accessibilite","status":"publish","type":"page","link":"https:\/\/www.pretiumpkg.com\/fr\/accessibilite\/","title":{"rendered":"Accessibilit\u00e9"},"content":{"rendered":"<p><span style=\"font-weight: 400;\">Pretium Packaging<\/span><span style=\"font-weight: 400;\"> s\u2019engage \u00e0 fournir un site Web accessible au public le plus large possible, quelle que soit la technologie ou les capacit\u00e9s. Nous travaillons activement \u00e0 accro\u00eetre l\u2019accessibilit\u00e9 et la convivialit\u00e9 de notre site Web et, ce faisant, nous adh\u00e9rons \u00e0 de nombreuses normes et directives disponibles.<\/span><\/p>\n<p><span style=\"font-weight: 400;\">Ce site Web s\u2019efforce de se conformer au niveau Double-A des directives d\u2019accessibilit\u00e9 au contenu Web du World Wide Web Consortium (W3C) 2.1. Ces lignes directrices expliquent comment rendre le contenu Web plus accessible aux personnes handicap\u00e9es. Le respect de ces directives contribuera \u00e0 rendre le Web plus convivial pour tous.<\/span><\/p>\n<p><span style=\"font-weight: 400;\">Ce site a \u00e9t\u00e9 construit en utilisant les normes&nbsp;W3C conformes au code HTML et CSS. Le site s\u2019affiche correctement dans les navigateurs actuels et l\u2019utilisation d\u2019un code HTML\/CSS conforme aux normes signifie que tous les futurs navigateurs l\u2019afficheront \u00e9galement correctement.<\/span><\/p>\n<p><span style=\"font-weight: 400;\">Bien que Pretium Packaging<\/span><span style=\"font-weight: 400;\"> s\u2019efforce de respecter les directives et normes accept\u00e9es en mati\u00e8re d\u2019accessibilit\u00e9 et de convivialit\u00e9, mais il n\u2019est pas toujours possible de le faire dans tous les domaines du site Web.<\/span><\/p>\n<p><span style=\"font-weight: 400;\">Nous sommes constamment \u00e0 la recherche de solutions qui permettront \u00e0 toutes les parties du site d\u2019atteindre le m\u00eame niveau d\u2019accessibilit\u00e9 au Web. En attendant, si vous rencontrez des difficult\u00e9s d\u2019acc\u00e8s au site de Pretium Packaging,<\/span><span style=\"font-weight: 400;\"> <\/span><span style=\"font-weight: 400;\">n\u2019h\u00e9sitez pas \u00e0 nous contacter.<\/span><\/p>\n","protected":false},"excerpt":{"rendered":"<p>Pretium Packaging s\u2019engage \u00e0 fournir un site Web accessible au public le plus large possible, quelle que soit la technologie ou les capacit\u00e9s. Nous travaillons activement \u00e0 accro\u00eetre l\u2019accessibilit\u00e9 et la convivialit\u00e9 de notre site Web et, ce faisant, nous adh\u00e9rons \u00e0 de nombreuses normes et directives disponibles. Ce site Web s\u2019efforce de se conformer [&hellip;]<\/p>\n","protected":false},"author":39,"featured_media":0,"parent":0,"menu_order":2,"comment_status":"closed","ping_status":"closed","template":"","meta":{"_acf_changed":false,"footnotes":""},"class_list":["post-41005","page","type-page","status-publish","hentry"],"acf":[],"aioseo_notices":[],"_links":{"self":[{"href":"https:\/\/www.pretiumpkg.com\/fr\/wp-json\/wp\/v2\/pages\/41005","targetHints":{"allow":["GET"]}}],"collection":[{"href":"https:\/\/www.pretiumpkg.com\/fr\/wp-json\/wp\/v2\/pages"}],"about":[{"href":"https:\/\/www.pretiumpkg.com\/fr\/wp-json\/wp\/v2\/types\/page"}],"author":[{"embeddable":true,"href":"https:\/\/www.pretiumpkg.com\/fr\/wp-json\/wp\/v2\/users\/39"}],"replies":[{"embeddable":true,"href":"https:\/\/www.pretiumpkg.com\/fr\/wp-json\/wp\/v2\/comments?post=41005"}],"version-history":[{"count":0,"href":"https:\/\/www.pretiumpkg.com\/fr\/wp-json\/wp\/v2\/pages\/41005\/revisions"}],"wp:attachment":[{"href":"https:\/\/www.pretiumpkg.com\/fr\/wp-json\/wp\/v2\/media?parent=41005"}],"curies":[{"name":"wp","href":"https:\/\/api.w.org\/{rel}","templated":true}]}}